{"id":7849,"date":"2024-10-25T12:12:27","date_gmt":"2024-10-25T10:12:27","guid":{"rendered":"https:\/\/www.fimigroup.it\/karriere\/invia-candidatura\/"},"modified":"2025-09-23T18:08:32","modified_gmt":"2025-09-23T16:08:32","slug":"bewerbung-senden","status":"publish","type":"page","link":"https:\/\/www.fimigroup.it\/de\/karriere\/bewerbung-senden\/","title":{"rendered":"Bewerbung senden"},"content":{"rendered":"<section class=\"l-section wpb_row us_custom_7017a2d5 headerbasso height_auto with_img\"><div class=\"l-section-img\" role=\"img\" aria-label=\"Bild\" data-img-width=\"1920\" data-img-height=\"575\" style=\"background-image: url(https:\/\/www.fimigroup.it\/wp-content\/uploads\/2023\/05\/FIMI-banner-careers.jpg);background-repeat: no-repeat;\"><\/div><div class=\"l-section-h i-cf\"><div class=\"g-cols vc_row via_grid cols_2 laptops-cols_inherit tablets-cols_inherit mobiles-cols_1 valign_top type_default stacking_default\"><div class=\"wpb_column vc_column_container\"><div class=\"vc_column-inner\"><div class=\"w-separator size_custom\" style=\"height:200px\"><\/div><div class=\"wpb_text_column us_custom_6df4bc3a has_text_color\"><div class=\"wpb_wrapper\"><h2>Bewerbung senden<\/h2>\n<\/div><\/div><\/div><\/div><div class=\"wpb_column vc_column_container stretched\"><div class=\"vc_column-inner\"><div class=\"w-separator size_custom\" style=\"height:100px\"><\/div><div class=\"w-image us_custom_4221ee22 effeover align_right\"><div class=\"w-image-h\"><img decoding=\"async\" width=\"575\" height=\"427\" src=\"https:\/\/www.fimigroup.it\/wp-content\/uploads\/2023\/05\/F-header.svg\" class=\"attachment-large size-large\" alt=\"\" loading=\"lazy\" \/><\/div><\/div><\/div><\/div><\/div><\/div><\/section><section class=\"l-section wpb_row height_medium\"><div class=\"l-section-h i-cf\"><div class=\"g-cols vc_row via_grid cols_1 laptops-cols_inherit tablets-cols_inherit mobiles-cols_1 valign_top type_default stacking_default\"><div class=\"wpb_column vc_column_container type_sticky\"><div class=\"vc_column-inner\"><div class=\"g-cols wpb_row via_grid cols_2-1 laptops-cols_inherit tablets-cols_inherit mobiles-cols_1 valign_bottom type_default stacking_default\" style=\"--columns-gap:3rem;\"><div class=\"wpb_column vc_column_container\"><div class=\"vc_column-inner\"><div class=\"wpb_text_column\"><div class=\"wpb_wrapper\"><h3>Arbeiten Sie mit uns<\/h3>\n<\/div><\/div><div class=\"wpb_text_column\"><div class=\"wpb_wrapper\"><p>F\u00fcllen Sie die untenstehenden Felder aus, f\u00fcgen Sie Ihren Lebenslauf bei und senden Sie Ihre Bewerbung ab.<br \/>\nWenn Sie m\u00f6chten, k\u00f6nnen Sie uns auch an <a href=\"mailto:career@fimigroup.it\">career@fimigroup.it<\/a> schreiben.<\/p>\n<\/div><\/div><\/div><\/div><div class=\"wpb_column vc_column_container\"><div class=\"vc_column-inner\"><div class=\"w-btn-wrapper align_right\"><a class=\"w-btn us-btn-style_4 icon_atleft\" href=\"https:\/\/www.fimigroup.it\/de\/karriere\/\"><i class=\"fas fa-arrow-left\"><\/i><span class=\"w-btn-label\">Zur\u00fcck zu den Stellenangeboten<\/span><\/a><\/div><\/div><\/div><\/div><div class=\"w-separator size_medium\"><\/div>\n<div class=\"wpcf7 no-js\" id=\"wpcf7-f7832-o1\" lang=\"it-IT\" dir=\"ltr\" data-wpcf7-id=\"7832\">\n<div class=\"screen-reader-response\"><p role=\"status\" aria-live=\"polite\" aria-atomic=\"true\"><\/p> <ul><\/ul><\/div>\n<form action=\"\/de\/wp-json\/wp\/v2\/pages\/7849#wpcf7-f7832-o1\" method=\"post\" class=\"wpcf7-form init\" aria-label=\"Modulo di contatto\" enctype=\"multipart\/form-data\" novalidate=\"novalidate\" data-status=\"init\">\n<fieldset class=\"hidden-fields-container\"><input type=\"hidden\" name=\"_wpcf7\" value=\"7832\" \/><input type=\"hidden\" name=\"_wpcf7_version\" value=\"6.1.5\" \/><input type=\"hidden\" name=\"_wpcf7_locale\" value=\"it_IT\" \/><input type=\"hidden\" name=\"_wpcf7_unit_tag\" value=\"wpcf7-f7832-o1\" \/><input type=\"hidden\" name=\"_wpcf7_container_post\" value=\"0\" \/><input type=\"hidden\" name=\"_wpcf7_posted_data_hash\" value=\"\" \/><input type=\"hidden\" name=\"_wpcf7_recaptcha_response\" value=\"\" \/>\n<\/fieldset>\n<div id=\"contact_form_candidatura\">\n\t<div class=\"content-column one_half first oggettocandidatura\">\n\t\t<div style=\"padding:0px;\">\n\t\t\t<p><label>Objekt<br \/>\n<span class=\"wpcf7-form-control-wrap\" data-name=\"oggettocandidatura\"><input size=\"40\" maxlength=\"400\" class=\"wpcf7-form-control wpcf7-text wpcf7-validates-as-required\" aria-required=\"true\" aria-invalid=\"false\" placeholder=\"Objekt*\" value=\"\" type=\"text\" name=\"oggettocandidatura\" \/><\/span><br \/>\n<\/label><br \/>\n\t\t\t<input class=\"wpcf7-form-control wpcf7-hidden\" id=\"prev_title\" value=\"\" type=\"hidden\" name=\"prev_title\" \/>\n\t\t\t<\/p>\n\t\t<\/div>\n\t<\/div>\n\t<div class=\"content-column one_half first\">\n\t\t<div style=\"padding:\"0px;\">\n\t\t\t<p><label>Nome*<br \/>\n<span class=\"wpcf7-form-control-wrap\" data-name=\"Nome\"><input size=\"40\" maxlength=\"400\" class=\"wpcf7-form-control wpcf7-text wpcf7-validates-as-required\" aria-required=\"true\" aria-invalid=\"false\" placeholder=\"Nome*\" value=\"\" type=\"text\" name=\"Nome\" \/><\/span> <\/label>\n\t\t\t<\/p>\n\t\t<\/div>\n\t<\/div>\n\t<div class=\"content-column one_half\">\n\t\t<div style=\"padding:\"0;\">\n\t\t\t<p><label>Nachname*<br \/>\n<span class=\"wpcf7-form-control-wrap\" data-name=\"Cognome\"><input size=\"40\" maxlength=\"400\" class=\"wpcf7-form-control wpcf7-text wpcf7-validates-as-required\" aria-required=\"true\" aria-invalid=\"false\" placeholder=\"Nachname*\" value=\"\" type=\"text\" name=\"Cognome\" \/><\/span> <\/label>\n\t\t\t<\/p>\n\t\t<\/div>\n\t<\/div>\n\t<div id=\"contact_form_email\">\n\t\t<p><label>E-mail<span class=\"wpcf7-form-control-wrap\" data-name=\"email\"><input size=\"40\" maxlength=\"400\" class=\"wpcf7-form-control wpcf7-email wpcf7-validates-as-required wpcf7-text wpcf7-validates-as-email\" aria-required=\"true\" aria-invalid=\"false\" placeholder=\"Geben Sie Ihre E-Mail-Adresse ein*\" value=\"\" type=\"email\" name=\"email\" \/><\/span><\/label>\n\t\t<\/p>\n\t<\/div>\n\t<div id=\"contact_form_cv\"  class='inputfile'>\n\t\t<p>Anexar CV<span class=\"wpcf7-form-control-wrap\" data-name=\"file-cv\"><input size=\"40\" class=\"wpcf7-form-control wpcf7-file wpcf7-validates-as-required\" id=\"cv\" accept=\".pdf\" aria-required=\"true\" aria-invalid=\"false\" type=\"file\" name=\"file-cv\" \/><\/span>\n\t\t<\/p>\n\t\t<div class='kbrowsebox'>\n\t\t\t<p><img src='\/wp-content\/uploads\/2023\/05\/icona_upload.png' class='iconaupload' \/>\n\t\t\t<\/p>\n\t\t\t<div id='cvselectedfile'>\n\t\t\t\t<p>W\u00e4hlen Sie eine Datei zum Hochladen aus (pdf max 5MB)\n\t\t\t\t<\/p>\n\t\t\t<\/div>\n\t\t\t<p><img src='\/wp-content\/uploads\/2023\/05\/tastopiufile.png' class='tastopiufile' \/>\n\t\t\t<\/p>\n\t\t<\/div>\n\t<\/div>\n\t<div id=\"contact_form_messaggio\">\n\t\t<p><label>Nachricht <span class=\"wpcf7-form-control-wrap\" data-name=\"messaggio\"><textarea cols=\"40\" rows=\"10\" maxlength=\"2000\" class=\"wpcf7-form-control wpcf7-textarea\" id=\"contact_form_message\" aria-invalid=\"false\" placeholder=\"Schreiben Sie Ihre Nachricht\" name=\"messaggio\"><\/textarea><\/span><\/label>\n\t\t<\/p>\n\t<\/div>\n\t<div class=\"content-column acceptance\">\n\t\t<p><span class=\"wpcf7-form-control-wrap\" data-name=\"acceptance-361\"><span class=\"wpcf7-form-control wpcf7-acceptance\"><span class=\"wpcf7-list-item\"><label><input type=\"checkbox\" name=\"acceptance-361\" value=\"1\" aria-invalid=\"false\" \/><span class=\"wpcf7-list-item-label\">Ich habe die gelesen und akzeptiere sie <a href='\/de\/privacy-policy\/'>Datenschutzrichtlinie<\/a><\/span><\/label><\/span><\/span><\/span>\n\t\t<\/p>\n\t<\/div>\n\t<p><button type=\"submit\" class=\"wpcf7-submit\" style='width:100%;margin-top:20px;'>Bewerbung senden<i style='margin-left:5px;' class=\"far fa-arrow-right\"><\/i><\/button>\n\t<\/p>\n<\/div><div class=\"wpcf7-response-output\" aria-hidden=\"true\"><\/div>\n<\/form>\n<\/div>\n<\/div><\/div><\/div><\/div><\/section>\n","protected":false},"excerpt":{"rendered":"Bewerbung senden Arbeiten Sie mit uns F\u00fcllen Sie die untenstehenden Felder aus, f\u00fcgen Sie Ihren Lebenslauf bei und senden Sie Ihre Bewerbung ab. Wenn Sie m\u00f6chten, k\u00f6nnen Sie uns auch an career@fimigroup.it schreiben. Zur\u00fcck zu den Stellenangeboten Objekt Nachname* E-mail Anexar CV W\u00e4hlen Sie eine Datei zum Hochladen aus (pdf max 5MB) Nachricht Ich habe...","protected":false},"author":1,"featured_media":0,"parent":3431,"menu_order":0,"comment_status":"closed","ping_status":"closed","template":"","meta":{"_acf_changed":false,"footnotes":""},"class_list":["post-7849","page","type-page","status-publish","hentry"],"acf":[],"_links":{"self":[{"href":"https:\/\/www.fimigroup.it\/de\/wp-json\/wp\/v2\/pages\/7849","targetHints":{"allow":["GET"]}}],"collection":[{"href":"https:\/\/www.fimigroup.it\/de\/wp-json\/wp\/v2\/pages"}],"about":[{"href":"https:\/\/www.fimigroup.it\/de\/wp-json\/wp\/v2\/types\/page"}],"author":[{"embeddable":true,"href":"https:\/\/www.fimigroup.it\/de\/wp-json\/wp\/v2\/users\/1"}],"replies":[{"embeddable":true,"href":"https:\/\/www.fimigroup.it\/de\/wp-json\/wp\/v2\/comments?post=7849"}],"version-history":[{"count":4,"href":"https:\/\/www.fimigroup.it\/de\/wp-json\/wp\/v2\/pages\/7849\/revisions"}],"predecessor-version":[{"id":9401,"href":"https:\/\/www.fimigroup.it\/de\/wp-json\/wp\/v2\/pages\/7849\/revisions\/9401"}],"up":[{"embeddable":true,"href":"https:\/\/www.fimigroup.it\/de\/wp-json\/wp\/v2\/pages\/3431"}],"wp:attachment":[{"href":"https:\/\/www.fimigroup.it\/de\/wp-json\/wp\/v2\/media?parent=7849"}],"curies":[{"name":"wp","href":"https:\/\/api.w.org\/{rel}","templated":true}]}}